{"id":29,"date":"2021-04-07T21:14:00","date_gmt":"2021-04-07T18:14:00","guid":{"rendered":"https:\/\/utrek.ee\/?page_id=29"},"modified":"2021-04-08T21:40:40","modified_gmt":"2021-04-08T18:40:40","slug":"kontakt","status":"publish","type":"page","link":"https:\/\/utrek.ee\/en\/kontakt\/","title":{"rendered":"Contact"},"content":{"rendered":"<p>Meiega saab \u00fchendust meilil info[at]utrek.ee v\u00f5i telefonil: +372 51 17 911<\/p>\n\n\n\n<hr class=\"wp-block-separator is-style-wide\"\/>\n\n\n\n<p>Utrek Consult O\u00dc<\/p>\n\n\n\n<p>Reg. no: 11468278<\/p>\n\n\n\n<p>Aadress: Koidu tee 30, Kelvingi, Harjumaa 74018<\/p>\n\n\n\n<p>Phone: +372 51 17 911<\/p>\n\n\n\n<p>VAT: EE101327051<\/p>\n\n\n\n<p>Koduleht:&nbsp;<a rel=\"noreferrer noopener\" href=\"https:\/\/proweb.ee\/\" target=\"_blank\">utrek.ee<\/a><\/p>","protected":false},"excerpt":{"rendered":"<p>Meiega saab \u00fchendust meilil info[at]utrek.ee v\u00f5i telefonil: +372 51 17 911 Utrek Consult O\u00dc Reg. nr: 11468278 Aadress: Koidu tee 30, Kelvingi, Harjumaa 74018 Tel: +372 51 17 911 KMKR: EE101327051 Koduleht:&nbsp;utrek.ee<\/p>","protected":false},"author":1,"featured_media":0,"parent":0,"menu_order":3,"comment_status":"closed","ping_status":"closed","template":"template-fullwidth.php","meta":[],"_links":{"self":[{"href":"https:\/\/utrek.ee\/en\/wp-json\/wp\/v2\/pages\/29"}],"collection":[{"href":"https:\/\/utrek.ee\/en\/wp-json\/wp\/v2\/pages"}],"about":[{"href":"https:\/\/utrek.ee\/en\/wp-json\/wp\/v2\/types\/page"}],"author":[{"embeddable":true,"href":"https:\/\/utrek.ee\/en\/wp-json\/wp\/v2\/users\/1"}],"replies":[{"embeddable":true,"href":"https:\/\/utrek.ee\/en\/wp-json\/wp\/v2\/comments?post=29"}],"version-history":[{"count":5,"href":"https:\/\/utrek.ee\/en\/wp-json\/wp\/v2\/pages\/29\/revisions"}],"predecessor-version":[{"id":40,"href":"https:\/\/utrek.ee\/en\/wp-json\/wp\/v2\/pages\/29\/revisions\/40"}],"wp:attachment":[{"href":"https:\/\/utrek.ee\/en\/wp-json\/wp\/v2\/media?parent=29"}],"curies":[{"name":"wp","href":"https:\/\/api.w.org\/{rel}","templated":true}]}}