{"id":2,"date":"2021-04-07T20:40:58","date_gmt":"2021-04-07T17:40:58","guid":{"rendered":"https:\/\/utrek.ee\/?page_id=2"},"modified":"2021-04-20T07:58:04","modified_gmt":"2021-04-20T04:58:04","slug":"demoleht","status":"publish","type":"page","link":"https:\/\/utrek.ee\/en\/","title":{"rendered":"About Us"},"content":{"rendered":"<p>We are a consulting company closely related to information technology. We offer IT management, IT project management and IT consulting.<\/p>\n<p>We will assist you in all matters relating to the area - we take responsibility, find the right people and complete the tasks.<\/p>\n<p>In addition Utrek Consult offers consultation in team management. Together we can find answers to many important questions: How to motivate? How to create and maintain team spirit? How to establish goals? How to reach your goals?<\/p>","protected":false},"excerpt":{"rendered":"<p>Oleme konsultatsiooni ettev\u00f5te, mis on tihedalt seotud infotehnoloogiaga. Pakume peamiselt IT juhtimist, IT projektijuhtimist ja IT alast konsultatsiooni. Lahendame \u00e4ra teie mured &#8211; v\u00f5tame vastutuse, leiame tegijad ja teeme \u00e4ra. Lisaks\u00a0pakume konsultatsiooni ka meeskonna juhtimises.\u00a0\u00dcheskoos leiame vastused k\u00fcsimustele: Kuidas motiveerida? Kuidas meeskonna vaimu luua ja hoida? Kuidas\u00a0p\u00fcstitada eesm\u00e4rke? Kuidas eesm\u00e4rkideni j\u00f5uda?<\/p>","protected":false},"author":1,"featured_media":0,"parent":0,"menu_order":0,"comment_status":"closed","ping_status":"open","template":"template-fullwidth.php","meta":[],"_links":{"self":[{"href":"https:\/\/utrek.ee\/en\/wp-json\/wp\/v2\/pages\/2"}],"collection":[{"href":"https:\/\/utrek.ee\/en\/wp-json\/wp\/v2\/pages"}],"about":[{"href":"https:\/\/utrek.ee\/en\/wp-json\/wp\/v2\/types\/page"}],"author":[{"embeddable":true,"href":"https:\/\/utrek.ee\/en\/wp-json\/wp\/v2\/users\/1"}],"replies":[{"embeddable":true,"href":"https:\/\/utrek.ee\/en\/wp-json\/wp\/v2\/comments?post=2"}],"version-history":[{"count":4,"href":"https:\/\/utrek.ee\/en\/wp-json\/wp\/v2\/pages\/2\/revisions"}],"predecessor-version":[{"id":60,"href":"https:\/\/utrek.ee\/en\/wp-json\/wp\/v2\/pages\/2\/revisions\/60"}],"wp:attachment":[{"href":"https:\/\/utrek.ee\/en\/wp-json\/wp\/v2\/media?parent=2"}],"curies":[{"name":"wp","href":"https:\/\/api.w.org\/{rel}","templated":true}]}}